{"id":11,"date":"2016-11-29T07:53:47","date_gmt":"2016-11-29T07:53:47","guid":{"rendered":"http:\/\/bimgest.com\/?page_id=11"},"modified":"2023-04-21T15:57:31","modified_gmt":"2023-04-21T15:57:31","slug":"qui-som","status":"publish","type":"page","link":"https:\/\/bimgest.com\/ca\/qui-som\/","title":{"rendered":"Qui som?"},"content":{"rendered":"<p><img decoding=\"async\" loading=\"lazy\" class=\"alignleft wp-image-109\" src=\"http:\/\/bimgest.com\/wp-content\/uploads\/sites\/3\/2016\/11\/bimgest_nosotros.jpg\" alt=\"\" width=\"570\" height=\"660\" srcset=\"https:\/\/bimgest.com\/ca\/wp-content\/uploads\/sites\/3\/2016\/11\/bimgest_nosotros.jpg 995w, https:\/\/bimgest.com\/ca\/wp-content\/uploads\/sites\/3\/2016\/11\/bimgest_nosotros-259x300.jpg 259w, https:\/\/bimgest.com\/ca\/wp-content\/uploads\/sites\/3\/2016\/11\/bimgest_nosotros-768x888.jpg 768w, https:\/\/bimgest.com\/ca\/wp-content\/uploads\/sites\/3\/2016\/11\/bimgest_nosotros-885x1024.jpg 885w, https:\/\/bimgest.com\/ca\/wp-content\/uploads\/sites\/3\/2016\/11\/bimgest_nosotros-340x393.jpg 340w, https:\/\/bimgest.com\/ca\/wp-content\/uploads\/sites\/3\/2016\/11\/bimgest_nosotros-39x45.jpg 39w\" sizes=\"(max-width: 570px) 100vw, 570px\" \/><\/p>\n<p style=\"font-weight: 400;\">Des de 2014, Barcelona Investment &amp; Management \u00e9s una Consultoria de <strong>Valoracions RICS<\/strong>,<strong> Building Surveying<\/strong>\u00a0(<em>RICS Standards<\/em>), <strong>Management<\/strong> i Assessoria Immobili\u00e0ria d&#8217;inversi\u00f3 i gesti\u00f3 a Barcelona, tota Catalunya, Andorra e Illes Balears.<\/p>\n<p style=\"font-weight: 400;\">El nostre equip est\u00e0 format per <strong>Valoradors Registrats RICS<\/strong>\u00a0(<em>MRICS Registered Valuer<\/em>), <strong>RICS Surveyor <\/strong>(<em>Building Surveyor<\/em>) i professionals especialistes en diferents camps, T\u00e8cnics, Jur\u00eddics i Analistes amb m\u00e9s de 15 anys d&#8217;experi\u00e8ncia al sector.<\/p>\n<p><span style=\"font-weight: 400;\">Comptem amb una extensa xarxa de Col\u00b7laboradors Experts en qualsevol tipus d&#8217;inspecci\u00f3 (<em>Surveying<\/em>), valoraci\u00f3 i necessitat d&#8217;inversi\u00f3, t\u00e8cnica, legal i inmobili\u00e0ria per obtenir la major fiabilitat en les seves valoracions i rendibilitat en les seves inversions i gestions immobili\u00e0ries, a m\u00e9s de qualitat a les inspeccions de les seves propietats.<\/span><\/p>\n<p><strong>Garantia de Valor i Fiabilitat.<\/strong><\/p>\n","protected":false},"excerpt":{"rendered":"<p>Des de 2014, Barcelona Investment &amp; Management \u00e9s una Consultoria de Valoracions RICS, Building Surveying\u00a0(RICS Standards), Management i Assessoria Immobili\u00e0ria d&#8217;inversi\u00f3 i gesti\u00f3 a Barcelona, tota Catalunya, Andorra e Illes Balears. El nostre equip est\u00e0 format per Valoradors Registrats RICS\u00a0(MRICS Registered Valuer), RICS Surveyor (Building Surveyor) i professionals especialistes en diferents camps, T\u00e8cnics, Jur\u00eddics i [&hellip;]<\/p>\n <a class=\"read-more\" href=\"https:\/\/bimgest.com\/ca\/qui-som\/\">Read more<\/a>","protected":false},"author":1,"featured_media":0,"parent":0,"menu_order":2,"comment_status":"closed","ping_status":"closed","template":"","meta":[],"_links":{"self":[{"href":"https:\/\/bimgest.com\/ca\/wp-json\/wp\/v2\/pages\/11"}],"collection":[{"href":"https:\/\/bimgest.com\/ca\/wp-json\/wp\/v2\/pages"}],"about":[{"href":"https:\/\/bimgest.com\/ca\/wp-json\/wp\/v2\/types\/page"}],"author":[{"embeddable":true,"href":"https:\/\/bimgest.com\/ca\/wp-json\/wp\/v2\/users\/1"}],"replies":[{"embeddable":true,"href":"https:\/\/bimgest.com\/ca\/wp-json\/wp\/v2\/comments?post=11"}],"version-history":[{"count":29,"href":"https:\/\/bimgest.com\/ca\/wp-json\/wp\/v2\/pages\/11\/revisions"}],"predecessor-version":[{"id":279,"href":"https:\/\/bimgest.com\/ca\/wp-json\/wp\/v2\/pages\/11\/revisions\/279"}],"wp:attachment":[{"href":"https:\/\/bimgest.com\/ca\/wp-json\/wp\/v2\/media?parent=11"}],"curies":[{"name":"wp","href":"https:\/\/api.w.org\/{rel}","templated":true}]}}